{"id":1804,"date":"2023-08-04T09:40:58","date_gmt":"2023-08-04T09:40:58","guid":{"rendered":"https:\/\/silver-runner.com\/?page_id=1804"},"modified":"2026-01-02T23:51:04","modified_gmt":"2026-01-02T23:51:04","slug":"events","status":"publish","type":"page","link":"https:\/\/silver-runner.com\/hu_hu\/events\/","title":{"rendered":"Ki\u00e1ll\u00edt\u00e1sok"},"content":{"rendered":"<div data-elementor-type=\"wp-page\" data-elementor-id=\"1804\" class=\"elementor elementor-1804\" data-elementor-post-type=\"page\">\n\t\t\t\t\t\t<section class=\"elementor-section elementor-top-section elementor-element elementor-element-35c363a elementor-section-boxed elementor-section-height-default elementor-section-height-default\" data-id=\"35c363a\" data-element_type=\"section\" data-e-type=\"section\">\n\t\t\t\t\t\t<div class=\"elementor-container elementor-column-gap-default\">\n\t\t\t\t\t<div class=\"elementor-column elementor-col-100 elementor-top-column elementor-element elementor-element-4bf0e2d\" data-id=\"4bf0e2d\" data-element_type=\"column\" data-e-type=\"column\">\n\t\t\t<div class=\"elementor-widget-wrap elementor-element-populated\">\n\t\t\t\t\t\t<div class=\"elementor-element elementor-element-7bdf029 elementor-hidden-desktop elementor-hidden-tablet elementor-hidden-mobile elementor-widget elementor-widget-heading\" data-id=\"7bdf029\" data-element_type=\"widget\" data-e-type=\"widget\" data-widget_type=\"heading.default\">\n\t\t\t\t<div class=\"elementor-widget-container\">\n\t\t\t\t\t<h1 class=\"elementor-heading-title elementor-size-default\">Itt tal\u00e1lkozhat vel\u00fcnk<\/h1>\t\t\t\t<\/div>\n\t\t\t\t<\/div>\n\t\t\t\t<div class=\"elementor-element elementor-element-65745be elementor-widget elementor-widget-heading\" data-id=\"65745be\" data-element_type=\"widget\" data-e-type=\"widget\" data-widget_type=\"heading.default\">\n\t\t\t\t<div class=\"elementor-widget-container\">\n\t\t\t\t\t<h1 class=\"elementor-heading-title elementor-size-default\">No More Event This Year<\/h1>\t\t\t\t<\/div>\n\t\t\t\t<\/div>\n\t\t\t\t\t<\/div>\n\t\t<\/div>\n\t\t\t\t\t<\/div>\n\t\t<\/section>\n\t\t\t\t<section class=\"elementor-section elementor-top-section elementor-element elementor-element-2b2133a elementor-section-boxed elementor-section-height-default elementor-section-height-default\" data-id=\"2b2133a\" data-element_type=\"section\" data-e-type=\"section\">\n\t\t\t\t\t\t<div class=\"elementor-container elementor-column-gap-default\">\n\t\t\t\t\t<div class=\"elementor-column elementor-col-100 elementor-top-column elementor-element elementor-element-d3d2600\" data-id=\"d3d2600\" data-element_type=\"column\" data-e-type=\"column\">\n\t\t\t<div class=\"elementor-widget-wrap elementor-element-populated\">\n\t\t\t\t\t\t<div class=\"elementor-element elementor-element-5ad5756 elementor-widget elementor-widget-heading\" data-id=\"5ad5756\" data-element_type=\"widget\" data-e-type=\"widget\" data-widget_type=\"heading.default\">\n\t\t\t\t<div class=\"elementor-widget-container\">\n\t\t\t\t\t<h6 class=\"elementor-heading-title elementor-size-default\">Ki\u00e1ll\u00edt\u00e1sok<\/h6>\t\t\t\t<\/div>\n\t\t\t\t<\/div>\n\t\t\t\t\t<\/div>\n\t\t<\/div>\n\t\t\t\t\t<\/div>\n\t\t<\/section>\n\t\t\t\t<section class=\"elementor-section elementor-top-section elementor-element elementor-element-7f784ae elementor-section-boxed elementor-section-height-default elementor-section-height-default\" data-id=\"7f784ae\" data-element_type=\"section\" data-e-type=\"section\">\n\t\t\t\t\t\t<div class=\"elementor-container elementor-column-gap-default\">\n\t\t\t\t\t<div class=\"elementor-column elementor-col-100 elementor-top-column elementor-element elementor-element-16ecdcf\" data-id=\"16ecdcf\" data-element_type=\"column\" data-e-type=\"column\">\n\t\t\t<div class=\"elementor-widget-wrap elementor-element-populated\">\n\t\t\t\t\t\t<div class=\"elementor-element elementor-element-c9e13b4 elementor-widget__width-initial elementor-widget elementor-widget-html\" data-id=\"c9e13b4\" data-element_type=\"widget\" data-e-type=\"widget\" data-widget_type=\"html.default\">\n\t\t\t\t<div class=\"elementor-widget-container\">\n\t\t\t\t\t<strong>2024 December<\/strong>\n<details>\n    <summary>Port of Koper - Business reception in Budapest<\/summary>\n   \n    <!--<a href=\"https:\/\/www.google.com\" target=\"_blank\" rel=\"noopener noreferrer nofollow\"><button id=\"button\">Own Gallery<\/button><\/a> -->\n    <a href=\"https:\/\/www.luka-kp.si\/en\/business-reception-budapest-2024\/\" target=\"_blank\" rel=\"noopener noreferrer nofollow\"><button id=\"button\">Hivatalos Gal\u00e9ria<\/button><\/a>\n<\/details>\n\n<strong>2024 November<\/strong>\n<details>\n    <summary>Intermodal 2024\u200b<\/summary>\n    &ensp;&ensp;\n    2024 November 12. - December 14. <br>\n    &ensp;&ensp;\n    <!--<a href=\"https:\/\/www.google.com\" target=\"_blank\" rel=\"noopener noreferrer nofollow\"><button id=\"button\">Own Gallery<\/button><\/a> -->\n    <a href=\"https:\/\/www.intermodal-events.com\/en\/more-information\/gallery.html\" target=\"_blank\" rel=\"noopener noreferrer nofollow\"><button id=\"button\">Hivatalos Gal\u00e9ria<\/button><\/a>\n<\/details>\n<details>\n    <summary>Europen Silk Road Summit 2024<\/summary>\n    &ensp;&ensp;\n    2024 November 27. - November 28. <br>\n    &ensp;&ensp;\n    <!--<a href=\"https:\/\/www.google.com\" target=\"_blank\" rel=\"noopener noreferrer nofollow\"><button id=\"button\">Own Gallery<\/button><\/a> -->\n    <a href=\"https:\/\/www.linkedin.com\/company\/european-silk-road-summit\/posts\/?feedView=all\" target=\"_blank\" rel=\"noopener noreferrer nofollow\"><button id=\"button\">Hivatalos Gal\u00e9ria<\/button><\/a>\n<\/details>\n<strong>2023 November<\/strong>\n<details>\n    <summary>European Silk Road Summit 2023<\/summary>\n    &ensp;&ensp;\n    2023 November 29. - December 1. <br>\n    &ensp;&ensp;\n    <!--<a href=\"https:\/\/www.google.com\" target=\"_blank\" rel=\"noopener noreferrer nofollow\"><button id=\"button\">Own Gallery<\/button><\/a> -->\n    <a href=\"\"><button id=\"button\">Hivatalos Gal\u00e9ria<\/button><\/a>\n<\/details>\n<strong>2023. Okt\u00f3ber<\/strong>\n<details>\n    <summary>Intermodal Europe 2023<\/summary>\n    2023. Okt\u00f3ber 10-12. <br>\n    &ensp;&ensp;\n    <!--<a href=\"https:\/\/www.google.com\" target=\"_blank\" rel=\"noopener noreferrer nofollow\"><button id=\"button\">Own Gallery<\/button><\/a> -->\n    <a href=\"https:\/\/www.youtube.com\/watch?v=jHV_t_c3yjs&ampab_channel=IntermodalEurope\" target=\"_blank\" rel=\"noopener noreferrer nofollow\"><button id=\"button\">Afer Movie<\/button><\/a>\n<\/details>\n<details>\n    <summary>M\u0171egyetemi \u00c1ll\u00e1sb\u00f6rze 2023<\/summary>\n    2023. Okt\u00f3ber 10-12. <br>\n    &ensp;&ensp;\n    <!--<a href=\"https:\/\/www.google.com\" target=\"_blank\" rel=\"noopener noreferrer nofollow\"><button id=\"button\">Own Gallery<\/button><\/a> -->\n    <a href=\"https:\/\/www.youtube.com\/watch?v=q3cX7z9CwpM&ampab_channel=KeressJ%C3%B3l%21\" target=\"_blank\" rel=\"noopener noreferrer nofollow\"><button id=\"button\">After Movie<\/button><\/a>\n<\/details>\n<details>\n    <summary>26TH KAZAKHSTAN INTERNATIONAL TRANSPORT & LOGISTICS EXHIBITION<\/summary>\n    &ensp;&ensp;\n    2023 October 03-06. <br>\n    &ensp;&ensp;\n    <!--<a href=\"https:\/\/www.google.com\" target=\"_blank\" rel=\"noopener noreferrer nofollow\"><button id=\"button\">Own Gallery<\/button><\/a> -->\n    <a href=\"https:\/\/translogistica.kz\/en\/2023-photo\" target=\"_blank\" rel=\"noopener noreferrer nofollow\"><button id=\"button\">Hivatalos Gal\u00e9ria<\/button><\/a>\n<\/details>\n<strong>2023. Szeptember<\/strong>\n<details>\n    <summary>Digital Container Summit 2023<\/summary>\n    2023. Szeptember 13-15. <br>\n    &ensp;&ensp;\n    <!--<a href=\"https:\/\/www.google.com\" target=\"_blank\" rel=\"noopener noreferrer nofollow\"><button id=\"button\">Own Gallery<\/button><\/a> -->\n    <a href=\"\" target=\"_blank\"><button id=\"button\">Hivatalos Gal\u00e9ria<\/button><\/a>\n<\/details>\n<details>\n    <summary>WOF & BUD Cargo Forum<\/summary>\n    &ensp;&ensp;\n    2023 September 27-28.<br>\n    &ensp;&ensp;\n    <!--<a href=\"https:\/\/www.google.com\" target=\"_blank\" rel=\"noopener noreferrer nofollow\"><button id=\"button\">Own Gallery<\/button><\/a> -->\n    <a href=\"https:\/\/www.youtube.com\/watch?v=NWOYcj_NpLw&ampab_channel=WOFEvents\" target=\"_blank\" rel=\"noopener noreferrer nofollow\"><button id=\"button\">After Movie<\/button><\/a>\n<\/details>\n\n<strong>2023. J\u00falius<\/strong>\n<details>\n    <summary>2ND PRO-NETWORKING CONFERENCE 2023 <\/summary>\n    2023. J\u00falius 20-23. <br>\n    &ensp;&ensp;\n    <!--<a href=\"https:\/\/www.google.com\" target=\"_blank\" rel=\"noopener noreferrer nofollow\"><button id=\"button\">Own Gallery<\/button><\/a> -->\n    <a href=\"https:\/\/prolognet.com\/conference-gallery\/2\" target=\"_blank\" rel=\"noopener noreferrer nofollow\"><button id=\"button\">Hivatalos Gal\u00e9ria<\/button><\/a>\n<\/details>\n\n<strong>2023. J\u00fanius<\/strong>\n\n<details>\n    <summary>Rail Cargo Group Summer Party <\/summary>\n    2023. J\u00fanius 27. <br>\n    &ensp;&ensp;\n   <!-- <a href=\"https:\/\/www.google.com\" target=\"_blank\" rel=\"noopener noreferrer nofollow\"><button id=\"button\">Own Gallery<\/button><\/a> -->\n    <a href=\"https:\/\/www.railcargo.com\/en\/summer-party\" target=\"_blank\" rel=\"noopener noreferrer nofollow\"><button id=\"button\">Hivatalos Gal\u00e9ria<\/button><\/a>\n<\/details>\n<details>\n    <summary>Port of Antwerp Brugge Midsummer network dinner Budapest<\/summary>\n    2023. J\u00fanius 21. <br>\n    &ensp;&ensp;\n    <!--<a href=\"https:\/\/www.google.com\" target=\"_blank\" rel=\"noopener noreferrer nofollow\"><button id=\"button\">Own Gallery<\/button><\/a> -->\n    <a href=\"\" target=\"_blank\"><button id=\"button\">Hivatalos Gal\u00e9ria<\/button><\/a>\n<\/details>\n\n<strong>2023. M\u00e1jus<\/strong>\n\n<details>\n    <summary>Magyar Sz\u00e1ll\u00edtm\u00e1nyoz\u00f3 Napja Visegr\u00e1d<\/summary>\n    2023. M\u00e1jus 25. <br>\n    &ensp;&ensp;\n    <!-- <a href=\"https:\/\/www.google.com\" target=\"_blank\" rel=\"noopener noreferrer nofollow\"><button id=\"button\">Own Gallery<\/button><\/a> -->\n    <a href=\"\" target=\"_blank\"><button id=\"button\">Hivatalos Gal\u00e9ria<\/button><\/a>\n<\/details>\n<details>\n    <summary>Transport Logistic 2023 M\u00fcnchen<\/summary>\n    2023. M\u00e1jus 10-12. <br>\n    &ensp;&ensp;\n    <!-- <a href=\"https:\/\/www.google.com\" target=\"_blank\" rel=\"noopener noreferrer nofollow\"><button id=\"button\">Own Gallery<\/button><\/a> -->\n    <a href=\"https:\/\/www.youtube.com\/watch?v=3PWi95tULI0&ampab_channel=transportlogistic\" target=\"_blank\" rel=\"noopener noreferrer nofollow\"><button id=\"button\">After Movie<\/button><\/a>\n<\/details>\n\n<strong>2023. \u00c1prilis<\/strong>\n<details>\n    <summary>Railfreight Summit Warsaw <\/summary>\n    2023. \u00c1prilis 19-20. <br>\n    &ensp;&ensp;\n    <!-- <a href=\"https:\/\/www.google.com\" target=\"_blank\" rel=\"noopener noreferrer nofollow\"><button id=\"button\">Own Gallery<\/button><\/a> -->\n    <a href=\"\" target=\"_blank\"><button id=\"button\">Hivatalos Gal\u00e9ria<\/button><\/a>\n<\/details>\n\n<strong>2023. M\u00e1rcius<\/strong>\n<details>\n    <summary>WOF Summit Vienna 2023<\/summary>\n    2023. M\u00e1rcius 22-23. <br>\n    &ensp;&ensp;\n    <!-- <a href=\"https:\/\/www.google.com\" target=\"_blank\" rel=\"noopener noreferrer nofollow\"><button id=\"button\">Own Gallery<\/button><\/a> -->\n    <a href=\"https:\/\/www.youtube.com\/watch?v=XSCg8vtUJ08&ampab_channel=WOFEvents\" target=\"_blank\" rel=\"noopener noreferrer nofollow\"><button id=\"button\">After Movie<\/button><\/a>\n<\/details>\t\t\t\t<\/div>\n\t\t\t\t<\/div>\n\t\t\t\t\t<\/div>\n\t\t<\/div>\n\t\t\t\t\t<\/div>\n\t\t<\/section>\n\t\t\t\t<\/div>","protected":false},"excerpt":{"rendered":"<p>You Can Meet Us Here No More Event This Year Past Events 2024 December Port of Koper &#8211; Business reception in Budapest Official Gallery 2024 November Intermodal 2024\u200b 2024 November 12. &#8211; December 14. Official Gallery Europen Silk Road Summit 2024 2024 November 27. &#8211; November 28. Official Gallery 2023 November European Silk Road Summit [&hellip;]<\/p>\n","protected":false},"author":2,"featured_media":0,"parent":0,"menu_order":0,"comment_status":"closed","ping_status":"closed","template":"elementor_header_footer","meta":{"footnotes":""},"class_list":["post-1804","page","type-page","status-publish","hentry"],"yoast_head":"<!-- This site is optimized with the Yoast SEO plugin v27.3 - https:\/\/yoast.com\/product\/yoast-seo-wordpress\/ -->\n<title>Events | Silver Runner Cycling Tours &amp; Activities<\/title>\n<meta name=\"description\" content=\"Join our cycling events in Budapest! Group bike tours, special rides, and community cycling activities. Explore the city with Silver Runner&#039;s organized events!\" \/>\n<meta name=\"robots\" content=\"index, follow, max-snippet:-1, max-image-preview:large, max-video-preview:-1\" \/>\n<link rel=\"canonical\" href=\"https:\/\/silver-runner.com\/hu_hu\/events\/\" \/>\n<meta property=\"og:locale\" content=\"hu_HU\" \/>\n<meta property=\"og:type\" content=\"article\" \/>\n<meta property=\"og:title\" content=\"Events | Silver Runner Cycling Tours &amp; Activities\" \/>\n<meta property=\"og:description\" content=\"Join our cycling events in Budapest! Group bike tours, special rides, and community cycling activities. Explore the city with Silver Runner&#039;s organized events!\" \/>\n<meta property=\"og:url\" content=\"https:\/\/silver-runner.com\/hu_hu\/events\/\" \/>\n<meta property=\"og:site_name\" content=\"Silver Runner\" \/>\n<meta property=\"article:publisher\" content=\"https:\/\/www.facebook.com\/profile.php?id=100087730380328\" \/>\n<meta property=\"article:modified_time\" content=\"2026-01-02T23:51:04+00:00\" \/>\n<meta property=\"og:image\" content=\"https:\/\/silver-runner.com\/wp-content\/uploads\/2022\/10\/cropped-SR_CI_Full_coloured.png\" \/>\n\t<meta property=\"og:image:width\" content=\"1321\" \/>\n\t<meta property=\"og:image:height\" content=\"378\" \/>\n\t<meta property=\"og:image:type\" content=\"image\/png\" \/>\n<meta name=\"twitter:card\" content=\"summary_large_image\" \/>\n<meta name=\"twitter:label1\" content=\"Becs\u00fclt olvas\u00e1si id\u0151\" \/>\n\t<meta name=\"twitter:data1\" content=\"1 perc\" \/>\n<script type=\"application\/ld+json\" class=\"yoast-schema-graph\">{\"@context\":\"https:\\\/\\\/schema.org\",\"@graph\":[{\"@type\":\"WebPage\",\"@id\":\"https:\\\/\\\/silver-runner.com\\\/events\\\/\",\"url\":\"https:\\\/\\\/silver-runner.com\\\/events\\\/\",\"name\":\"Events | Silver Runner Cycling Tours & Activities\",\"isPartOf\":{\"@id\":\"https:\\\/\\\/silver-runner.com\\\/#website\"},\"datePublished\":\"2023-08-04T09:40:58+00:00\",\"dateModified\":\"2026-01-02T23:51:04+00:00\",\"description\":\"Join our cycling events in Budapest! Group bike tours, special rides, and community cycling activities. Explore the city with Silver Runner's organized events!\",\"breadcrumb\":{\"@id\":\"https:\\\/\\\/silver-runner.com\\\/events\\\/#breadcrumb\"},\"inLanguage\":\"hu\",\"potentialAction\":[{\"@type\":\"ReadAction\",\"target\":[\"https:\\\/\\\/silver-runner.com\\\/events\\\/\"]}]},{\"@type\":\"BreadcrumbList\",\"@id\":\"https:\\\/\\\/silver-runner.com\\\/events\\\/#breadcrumb\",\"itemListElement\":[{\"@type\":\"ListItem\",\"position\":1,\"name\":\"Kezd\u0151lap\",\"item\":\"https:\\\/\\\/silver-runner.com\\\/\"},{\"@type\":\"ListItem\",\"position\":2,\"name\":\"Events\"}]},{\"@type\":\"WebSite\",\"@id\":\"https:\\\/\\\/silver-runner.com\\\/#website\",\"url\":\"https:\\\/\\\/silver-runner.com\\\/\",\"name\":\"Silver Runner Kft.\",\"description\":\"Logistics and Transportaion Management Solutions\",\"publisher\":{\"@id\":\"https:\\\/\\\/silver-runner.com\\\/#organization\"},\"potentialAction\":[{\"@type\":\"SearchAction\",\"target\":{\"@type\":\"EntryPoint\",\"urlTemplate\":\"https:\\\/\\\/silver-runner.com\\\/?s={search_term_string}\"},\"query-input\":{\"@type\":\"PropertyValueSpecification\",\"valueRequired\":true,\"valueName\":\"search_term_string\"}}],\"inLanguage\":\"hu\"},{\"@type\":\"Organization\",\"@id\":\"https:\\\/\\\/silver-runner.com\\\/#organization\",\"name\":\"Silver Runner Kft.\",\"url\":\"https:\\\/\\\/silver-runner.com\\\/\",\"logo\":{\"@type\":\"ImageObject\",\"inLanguage\":\"hu\",\"@id\":\"https:\\\/\\\/silver-runner.com\\\/#\\\/schema\\\/logo\\\/image\\\/\",\"url\":\"https:\\\/\\\/silver-runner.com\\\/wp-content\\\/uploads\\\/2023\\\/08\\\/silver_runner_logo.png\",\"contentUrl\":\"https:\\\/\\\/silver-runner.com\\\/wp-content\\\/uploads\\\/2023\\\/08\\\/silver_runner_logo.png\",\"width\":1321,\"height\":388,\"caption\":\"Silver Runner Kft.\"},\"image\":{\"@id\":\"https:\\\/\\\/silver-runner.com\\\/#\\\/schema\\\/logo\\\/image\\\/\"},\"sameAs\":[\"https:\\\/\\\/www.facebook.com\\\/profile.php?id=100087730380328\",\"https:\\\/\\\/www.instagram.com\\\/silver_runner_kft\\\/\",\"https:\\\/\\\/www.linkedin.com\\\/company\\\/86838639\\\/admin\\\/\"]}]}<\/script>\n<!-- \/ Yoast SEO plugin. -->","yoast_head_json":{"title":"Events | Silver Runner Cycling Tours & Activities","description":"Join our cycling events in Budapest! Group bike tours, special rides, and community cycling activities. Explore the city with Silver Runner's organized events!","robots":{"index":"index","follow":"follow","max-snippet":"max-snippet:-1","max-image-preview":"max-image-preview:large","max-video-preview":"max-video-preview:-1"},"canonical":"https:\/\/silver-runner.com\/hu_hu\/events\/","og_locale":"hu_HU","og_type":"article","og_title":"Events | Silver Runner Cycling Tours & Activities","og_description":"Join our cycling events in Budapest! Group bike tours, special rides, and community cycling activities. Explore the city with Silver Runner's organized events!","og_url":"https:\/\/silver-runner.com\/hu_hu\/events\/","og_site_name":"Silver Runner","article_publisher":"https:\/\/www.facebook.com\/profile.php?id=100087730380328","article_modified_time":"2026-01-02T23:51:04+00:00","og_image":[{"width":1321,"height":378,"url":"https:\/\/silver-runner.com\/wp-content\/uploads\/2022\/10\/cropped-SR_CI_Full_coloured.png","type":"image\/png"}],"twitter_card":"summary_large_image","twitter_misc":{"Becs\u00fclt olvas\u00e1si id\u0151":"1 perc"},"schema":{"@context":"https:\/\/schema.org","@graph":[{"@type":"WebPage","@id":"https:\/\/silver-runner.com\/events\/","url":"https:\/\/silver-runner.com\/events\/","name":"Events | Silver Runner Cycling Tours & Activities","isPartOf":{"@id":"https:\/\/silver-runner.com\/#website"},"datePublished":"2023-08-04T09:40:58+00:00","dateModified":"2026-01-02T23:51:04+00:00","description":"Join our cycling events in Budapest! Group bike tours, special rides, and community cycling activities. Explore the city with Silver Runner's organized events!","breadcrumb":{"@id":"https:\/\/silver-runner.com\/events\/#breadcrumb"},"inLanguage":"hu","potentialAction":[{"@type":"ReadAction","target":["https:\/\/silver-runner.com\/events\/"]}]},{"@type":"BreadcrumbList","@id":"https:\/\/silver-runner.com\/events\/#breadcrumb","itemListElement":[{"@type":"ListItem","position":1,"name":"Kezd\u0151lap","item":"https:\/\/silver-runner.com\/"},{"@type":"ListItem","position":2,"name":"Events"}]},{"@type":"WebSite","@id":"https:\/\/silver-runner.com\/#website","url":"https:\/\/silver-runner.com\/","name":"Silver Runner Kft.","description":"Logistics and Transportaion Management Solutions","publisher":{"@id":"https:\/\/silver-runner.com\/#organization"},"potentialAction":[{"@type":"SearchAction","target":{"@type":"EntryPoint","urlTemplate":"https:\/\/silver-runner.com\/?s={search_term_string}"},"query-input":{"@type":"PropertyValueSpecification","valueRequired":true,"valueName":"search_term_string"}}],"inLanguage":"hu"},{"@type":"Organization","@id":"https:\/\/silver-runner.com\/#organization","name":"Silver Runner Kft.","url":"https:\/\/silver-runner.com\/","logo":{"@type":"ImageObject","inLanguage":"hu","@id":"https:\/\/silver-runner.com\/#\/schema\/logo\/image\/","url":"https:\/\/silver-runner.com\/wp-content\/uploads\/2023\/08\/silver_runner_logo.png","contentUrl":"https:\/\/silver-runner.com\/wp-content\/uploads\/2023\/08\/silver_runner_logo.png","width":1321,"height":388,"caption":"Silver Runner Kft."},"image":{"@id":"https:\/\/silver-runner.com\/#\/schema\/logo\/image\/"},"sameAs":["https:\/\/www.facebook.com\/profile.php?id=100087730380328","https:\/\/www.instagram.com\/silver_runner_kft\/","https:\/\/www.linkedin.com\/company\/86838639\/admin\/"]}]}},"_links":{"self":[{"href":"https:\/\/silver-runner.com\/hu_hu\/wp-json\/wp\/v2\/pages\/1804","targetHints":{"allow":["GET"]}}],"collection":[{"href":"https:\/\/silver-runner.com\/hu_hu\/wp-json\/wp\/v2\/pages"}],"about":[{"href":"https:\/\/silver-runner.com\/hu_hu\/wp-json\/wp\/v2\/types\/page"}],"author":[{"embeddable":true,"href":"https:\/\/silver-runner.com\/hu_hu\/wp-json\/wp\/v2\/users\/2"}],"replies":[{"embeddable":true,"href":"https:\/\/silver-runner.com\/hu_hu\/wp-json\/wp\/v2\/comments?post=1804"}],"version-history":[{"count":6,"href":"https:\/\/silver-runner.com\/hu_hu\/wp-json\/wp\/v2\/pages\/1804\/revisions"}],"predecessor-version":[{"id":3566,"href":"https:\/\/silver-runner.com\/hu_hu\/wp-json\/wp\/v2\/pages\/1804\/revisions\/3566"}],"wp:attachment":[{"href":"https:\/\/silver-runner.com\/hu_hu\/wp-json\/wp\/v2\/media?parent=1804"}],"curies":[{"name":"wp","href":"https:\/\/api.w.org\/{rel}","templated":true}]}}