{"id":1631,"date":"2023-06-02T08:29:52","date_gmt":"2023-06-02T08:29:52","guid":{"rendered":"https:\/\/silver-runner.com\/?page_id=1631"},"modified":"2023-09-19T07:20:53","modified_gmt":"2023-09-19T07:20:53","slug":"jelentkezes","status":"publish","type":"page","link":"https:\/\/silver-runner.com\/hu_hu\/jelentkezes\/","title":{"rendered":"Jelentkez\u00e9s"},"content":{"rendered":"\t\t<div data-elementor-type=\"wp-page\" data-elementor-id=\"1631\" class=\"elementor elementor-1631\" data-elementor-post-type=\"page\">\n\t\t\t\t\t\t<section class=\"elementor-section elementor-top-section elementor-element elementor-element-5831ea26 elementor-section-content-middle elementor-section-boxed elementor-section-height-default elementor-section-height-default\" data-id=\"5831ea26\" data-element_type=\"section\" data-e-type=\"section\" data-settings=\"{&quot;background_background&quot;:&quot;classic&quot;}\">\n\t\t\t\t\t\t<div class=\"elementor-container elementor-column-gap-no\">\n\t\t\t\t\t<div class=\"elementor-column elementor-col-100 elementor-top-column elementor-element elementor-element-3acc7a39\" data-id=\"3acc7a39\" data-element_type=\"column\" data-e-type=\"column\" data-settings=\"{&quot;background_background&quot;:&quot;classic&quot;}\">\n\t\t\t<div class=\"elementor-widget-wrap elementor-element-populated\">\n\t\t\t\t\t\t<div class=\"elementor-element elementor-element-2f6c1778 elementor-widget elementor-widget-heading\" data-id=\"2f6c1778\" data-element_type=\"widget\" data-e-type=\"widget\" data-widget_type=\"heading.default\">\n\t\t\t\t<div class=\"elementor-widget-container\">\n\t\t\t\t\t<h4 class=\"elementor-heading-title elementor-size-default\">Jelentkezz Sz\u00e1ll\u00edtm\u00e1nyoz\u00f3nak!<\/h4>\t\t\t\t<\/div>\n\t\t\t\t<\/div>\n\t\t\t\t<div class=\"elementor-element elementor-element-3e3f1676 elementor-button-align-stretch elementor-widget elementor-widget-form\" data-id=\"3e3f1676\" data-element_type=\"widget\" data-e-type=\"widget\" data-settings=\"{&quot;step_next_label&quot;:&quot;Tov\\u00e1bb&quot;,&quot;step_previous_label&quot;:&quot;Vissza&quot;,&quot;button_width&quot;:&quot;100&quot;,&quot;step_type&quot;:&quot;number_text&quot;,&quot;step_icon_shape&quot;:&quot;circle&quot;}\" data-widget_type=\"form.default\">\n\t\t\t\t<div class=\"elementor-widget-container\">\n\t\t\t\t\t\t\t<form class=\"elementor-form\" method=\"post\" name=\"Sz\u00e1ll\u00edtm\u00e1nyoz\u00f3 jelentkez\u00e9s\" aria-label=\"Sz\u00e1ll\u00edtm\u00e1nyoz\u00f3 jelentkez\u00e9s\">\n\t\t\t<input type=\"hidden\" name=\"post_id\" value=\"1631\"\/>\n\t\t\t<input type=\"hidden\" name=\"form_id\" value=\"3e3f1676\"\/>\n\t\t\t<input type=\"hidden\" name=\"referer_title\" value=\"Jelentkez\u00e9s - Silver Runner\" \/>\n\n\t\t\t\t\t\t\t<input type=\"hidden\" name=\"queried_id\" value=\"1631\"\/>\n\t\t\t\n\t\t\t<div class=\"elementor-form-fields-wrapper elementor-labels-above\">\n\t\t\t\t\t\t\t\t<div class=\"elementor-field-type-step elementor-field-group elementor-column elementor-field-group-field_fe106c1 elementor-col-100\">\n\t\t\t\t\t\t\t<div class=\"e-field-step elementor-hidden\" data-label=\"Szem\u00e9lyes Adatok\" data-previousButton=\"\" data-nextButton=\"\" data-iconUrl=\"\" data-iconLibrary=\"fas fa-star\" data-icon=\"\" ><\/div>\n\n\t\t\t\t\t\t<\/div>\n\t\t\t\t\t\t\t\t<div class=\"elementor-field-type-text elementor-field-group elementor-column elementor-field-group-name elementor-col-100\">\n\t\t\t\t\t\t\t\t\t\t\t\t\t<input size=\"1\" type=\"text\" name=\"form_fields[name]\" id=\"form-field-name\" class=\"elementor-field elementor-size-sm  elementor-field-textual\" placeholder=\"Teljes N\u00e9v\">\n\t\t\t\t\t\t\t\t\t\t\t<\/div>\n\t\t\t\t\t\t\t\t<div class=\"elementor-field-type-tel elementor-field-group elementor-column elementor-field-group-field_be92d87 elementor-col-100\">\n\t\t\t\t\t\t\t<input size=\"1\" type=\"tel\" name=\"form_fields[field_be92d87]\" id=\"form-field-field_be92d87\" class=\"elementor-field elementor-size-sm  elementor-field-textual\" placeholder=\"Telefonsz\u00e1m\" pattern=\"[0-9()#&amp;+*-=.]+\" title=\"Only numbers and phone characters (#, -, *, etc) are accepted.\">\n\n\t\t\t\t\t\t<\/div>\n\t\t\t\t\t\t\t\t<div class=\"elementor-field-type-email elementor-field-group elementor-column elementor-field-group-email elementor-col-100 elementor-field-required\">\n\t\t\t\t\t\t\t\t\t\t\t\t\t<input size=\"1\" type=\"email\" name=\"form_fields[email]\" id=\"form-field-email\" class=\"elementor-field elementor-size-sm  elementor-field-textual\" placeholder=\"Email c\u00edm\" required=\"required\">\n\t\t\t\t\t\t\t\t\t\t\t<\/div>\n\t\t\t\t\t\t\t\t<div class=\"elementor-field-type-step elementor-field-group elementor-column elementor-field-group-field_c09b40c elementor-col-100\">\n\t\t\t\t\t\t\t<div class=\"e-field-step elementor-hidden\" data-label=\"\u00d6n\u00e9letrajz felt\u00f6lt\u00e9s\" data-previousButton=\"\" data-nextButton=\"\" data-iconUrl=\"\" data-iconLibrary=\"fas fa-star\" data-icon=\"\" ><\/div>\n\n\t\t\t\t\t\t<\/div>\n\t\t\t\t\t\t\t\t<div class=\"elementor-field-type-upload elementor-field-group elementor-column elementor-field-group-field_9fc8c04 elementor-col-100 elementor-field-required\">\n\t\t\t\t\t\t\t\t\t\t\t\t<label for=\"form-field-field_9fc8c04\" class=\"elementor-field-label\">\n\t\t\t\t\t\t\t\t\u00d6n\u00e9letrajz (magyar)\t\t\t\t\t\t\t<\/label>\n\t\t\t\t\t\t\t\t<input type=\"file\" name=\"form_fields[field_9fc8c04]\" id=\"form-field-field_9fc8c04\" class=\"elementor-field elementor-size-sm  elementor-upload-field\" required=\"required\">\n\n\t\t\t\t\t\t<\/div>\n\t\t\t\t\t\t\t\t<div class=\"elementor-field-type-upload elementor-field-group elementor-column elementor-field-group-field_194c2d8 elementor-col-100 elementor-field-required\">\n\t\t\t\t\t\t\t\t\t\t\t\t<label for=\"form-field-field_194c2d8\" class=\"elementor-field-label\">\n\t\t\t\t\t\t\t\t\u00d6n\u00e9letrajz (angol)\t\t\t\t\t\t\t<\/label>\n\t\t\t\t\t\t\t\t<input type=\"file\" name=\"form_fields[field_194c2d8]\" id=\"form-field-field_194c2d8\" class=\"elementor-field elementor-size-sm  elementor-upload-field\" required=\"required\">\n\n\t\t\t\t\t\t<\/div>\n\t\t\t\t\t\t\t\t<div class=\"elementor-field-group elementor-column elementor-field-type-submit elementor-col-100 e-form__buttons\">\n\t\t\t\t\t<button class=\"elementor-button elementor-size-sm\" type=\"submit\">\n\t\t\t\t\t\t<span class=\"elementor-button-content-wrapper\">\n\t\t\t\t\t\t\t\t\t\t\t\t\t\t\t\t\t\t\t\t\t\t<span class=\"elementor-button-text\">K\u00fcld\u00e9s<\/span>\n\t\t\t\t\t\t\t\t\t\t\t\t\t<\/span>\n\t\t\t\t\t<\/button>\n\t\t\t\t<\/div>\n\t\t\t<\/div>\n\t\t<\/form>\n\t\t\t\t\t\t<\/div>\n\t\t\t\t<\/div>\n\t\t\t\t\t<\/div>\n\t\t<\/div>\n\t\t\t\t\t<\/div>\n\t\t<\/section>\n\t\t\t\t<\/div>\n\t\t","protected":false},"excerpt":{"rendered":"<p>Jelentkezz Sz\u00e1ll\u00edtm\u00e1nyoz\u00f3nak!<\/p>","protected":false},"author":2,"featured_media":0,"parent":0,"menu_order":0,"comment_status":"closed","ping_status":"closed","template":"elementor_header_footer","meta":{"footnotes":""},"class_list":["post-1631","page","type-page","status-publish","hentry"],"yoast_head":"<!-- This site is optimized with the Yoast SEO plugin v27.3 - https:\/\/yoast.com\/product\/yoast-seo-wordpress\/ -->\n<title>Jelentkez\u00e9s - Silver Runner<\/title>\n<meta name=\"robots\" content=\"index, follow, max-snippet:-1, max-image-preview:large, max-video-preview:-1\" \/>\n<link rel=\"canonical\" href=\"https:\/\/silver-runner.com\/hu_hu\/jelentkezes\/\" \/>\n<meta property=\"og:locale\" content=\"hu_HU\" \/>\n<meta property=\"og:type\" content=\"article\" \/>\n<meta property=\"og:title\" content=\"Jelentkez\u00e9s - Silver Runner\" \/>\n<meta property=\"og:description\" content=\"Jelentkezz Sz\u00e1ll\u00edtm\u00e1nyoz\u00f3nak!\" \/>\n<meta property=\"og:url\" content=\"https:\/\/silver-runner.com\/hu_hu\/jelentkezes\/\" \/>\n<meta property=\"og:site_name\" content=\"Silver Runner\" \/>\n<meta property=\"article:publisher\" content=\"https:\/\/www.facebook.com\/profile.php?id=100087730380328\" \/>\n<meta property=\"article:modified_time\" content=\"2023-09-19T07:20:53+00:00\" \/>\n<meta property=\"og:image\" content=\"https:\/\/silver-runner.com\/wp-content\/uploads\/2022\/10\/cropped-SR_CI_Full_coloured.png\" \/>\n\t<meta property=\"og:image:width\" content=\"1321\" \/>\n\t<meta property=\"og:image:height\" content=\"378\" \/>\n\t<meta property=\"og:image:type\" content=\"image\/png\" \/>\n<meta name=\"twitter:card\" content=\"summary_large_image\" \/>\n<meta name=\"twitter:label1\" content=\"Becs\u00fclt olvas\u00e1si id\u0151\" \/>\n\t<meta name=\"twitter:data1\" content=\"1 perc\" \/>\n<script type=\"application\/ld+json\" class=\"yoast-schema-graph\">{\"@context\":\"https:\\\/\\\/schema.org\",\"@graph\":[{\"@type\":\"WebPage\",\"@id\":\"https:\\\/\\\/silver-runner.com\\\/jelentkezes\\\/\",\"url\":\"https:\\\/\\\/silver-runner.com\\\/jelentkezes\\\/\",\"name\":\"Jelentkez\u00e9s - Silver Runner\",\"isPartOf\":{\"@id\":\"https:\\\/\\\/silver-runner.com\\\/#website\"},\"datePublished\":\"2023-06-02T08:29:52+00:00\",\"dateModified\":\"2023-09-19T07:20:53+00:00\",\"breadcrumb\":{\"@id\":\"https:\\\/\\\/silver-runner.com\\\/jelentkezes\\\/#breadcrumb\"},\"inLanguage\":\"hu\",\"potentialAction\":[{\"@type\":\"ReadAction\",\"target\":[\"https:\\\/\\\/silver-runner.com\\\/jelentkezes\\\/\"]}]},{\"@type\":\"BreadcrumbList\",\"@id\":\"https:\\\/\\\/silver-runner.com\\\/jelentkezes\\\/#breadcrumb\",\"itemListElement\":[{\"@type\":\"ListItem\",\"position\":1,\"name\":\"Kezd\u0151lap\",\"item\":\"https:\\\/\\\/silver-runner.com\\\/\"},{\"@type\":\"ListItem\",\"position\":2,\"name\":\"Jelentkez\u00e9s\"}]},{\"@type\":\"WebSite\",\"@id\":\"https:\\\/\\\/silver-runner.com\\\/#website\",\"url\":\"https:\\\/\\\/silver-runner.com\\\/\",\"name\":\"Silver Runner Kft.\",\"description\":\"Logistics and Transportaion Management Solutions\",\"publisher\":{\"@id\":\"https:\\\/\\\/silver-runner.com\\\/#organization\"},\"potentialAction\":[{\"@type\":\"SearchAction\",\"target\":{\"@type\":\"EntryPoint\",\"urlTemplate\":\"https:\\\/\\\/silver-runner.com\\\/?s={search_term_string}\"},\"query-input\":{\"@type\":\"PropertyValueSpecification\",\"valueRequired\":true,\"valueName\":\"search_term_string\"}}],\"inLanguage\":\"hu\"},{\"@type\":\"Organization\",\"@id\":\"https:\\\/\\\/silver-runner.com\\\/#organization\",\"name\":\"Silver Runner Kft.\",\"url\":\"https:\\\/\\\/silver-runner.com\\\/\",\"logo\":{\"@type\":\"ImageObject\",\"inLanguage\":\"hu\",\"@id\":\"https:\\\/\\\/silver-runner.com\\\/#\\\/schema\\\/logo\\\/image\\\/\",\"url\":\"https:\\\/\\\/silver-runner.com\\\/wp-content\\\/uploads\\\/2023\\\/08\\\/silver_runner_logo.png\",\"contentUrl\":\"https:\\\/\\\/silver-runner.com\\\/wp-content\\\/uploads\\\/2023\\\/08\\\/silver_runner_logo.png\",\"width\":1321,\"height\":388,\"caption\":\"Silver Runner Kft.\"},\"image\":{\"@id\":\"https:\\\/\\\/silver-runner.com\\\/#\\\/schema\\\/logo\\\/image\\\/\"},\"sameAs\":[\"https:\\\/\\\/www.facebook.com\\\/profile.php?id=100087730380328\",\"https:\\\/\\\/www.instagram.com\\\/silver_runner_kft\\\/\",\"https:\\\/\\\/www.linkedin.com\\\/company\\\/86838639\\\/admin\\\/\"]}]}<\/script>\n<!-- \/ Yoast SEO plugin. -->","yoast_head_json":{"title":"Jelentkez\u00e9s - Silver Runner","robots":{"index":"index","follow":"follow","max-snippet":"max-snippet:-1","max-image-preview":"max-image-preview:large","max-video-preview":"max-video-preview:-1"},"canonical":"https:\/\/silver-runner.com\/hu_hu\/jelentkezes\/","og_locale":"hu_HU","og_type":"article","og_title":"Jelentkez\u00e9s - Silver Runner","og_description":"Jelentkezz Sz\u00e1ll\u00edtm\u00e1nyoz\u00f3nak!","og_url":"https:\/\/silver-runner.com\/hu_hu\/jelentkezes\/","og_site_name":"Silver Runner","article_publisher":"https:\/\/www.facebook.com\/profile.php?id=100087730380328","article_modified_time":"2023-09-19T07:20:53+00:00","og_image":[{"width":1321,"height":378,"url":"https:\/\/silver-runner.com\/wp-content\/uploads\/2022\/10\/cropped-SR_CI_Full_coloured.png","type":"image\/png"}],"twitter_card":"summary_large_image","twitter_misc":{"Becs\u00fclt olvas\u00e1si id\u0151":"1 perc"},"schema":{"@context":"https:\/\/schema.org","@graph":[{"@type":"WebPage","@id":"https:\/\/silver-runner.com\/jelentkezes\/","url":"https:\/\/silver-runner.com\/jelentkezes\/","name":"Jelentkez\u00e9s - Silver Runner","isPartOf":{"@id":"https:\/\/silver-runner.com\/#website"},"datePublished":"2023-06-02T08:29:52+00:00","dateModified":"2023-09-19T07:20:53+00:00","breadcrumb":{"@id":"https:\/\/silver-runner.com\/jelentkezes\/#breadcrumb"},"inLanguage":"hu","potentialAction":[{"@type":"ReadAction","target":["https:\/\/silver-runner.com\/jelentkezes\/"]}]},{"@type":"BreadcrumbList","@id":"https:\/\/silver-runner.com\/jelentkezes\/#breadcrumb","itemListElement":[{"@type":"ListItem","position":1,"name":"Kezd\u0151lap","item":"https:\/\/silver-runner.com\/"},{"@type":"ListItem","position":2,"name":"Jelentkez\u00e9s"}]},{"@type":"WebSite","@id":"https:\/\/silver-runner.com\/#website","url":"https:\/\/silver-runner.com\/","name":"Silver Runner Kft.","description":"Logistics and Transportaion Management Solutions","publisher":{"@id":"https:\/\/silver-runner.com\/#organization"},"potentialAction":[{"@type":"SearchAction","target":{"@type":"EntryPoint","urlTemplate":"https:\/\/silver-runner.com\/?s={search_term_string}"},"query-input":{"@type":"PropertyValueSpecification","valueRequired":true,"valueName":"search_term_string"}}],"inLanguage":"hu"},{"@type":"Organization","@id":"https:\/\/silver-runner.com\/#organization","name":"Silver Runner Kft.","url":"https:\/\/silver-runner.com\/","logo":{"@type":"ImageObject","inLanguage":"hu","@id":"https:\/\/silver-runner.com\/#\/schema\/logo\/image\/","url":"https:\/\/silver-runner.com\/wp-content\/uploads\/2023\/08\/silver_runner_logo.png","contentUrl":"https:\/\/silver-runner.com\/wp-content\/uploads\/2023\/08\/silver_runner_logo.png","width":1321,"height":388,"caption":"Silver Runner Kft."},"image":{"@id":"https:\/\/silver-runner.com\/#\/schema\/logo\/image\/"},"sameAs":["https:\/\/www.facebook.com\/profile.php?id=100087730380328","https:\/\/www.instagram.com\/silver_runner_kft\/","https:\/\/www.linkedin.com\/company\/86838639\/admin\/"]}]}},"_links":{"self":[{"href":"https:\/\/silver-runner.com\/hu_hu\/wp-json\/wp\/v2\/pages\/1631","targetHints":{"allow":["GET"]}}],"collection":[{"href":"https:\/\/silver-runner.com\/hu_hu\/wp-json\/wp\/v2\/pages"}],"about":[{"href":"https:\/\/silver-runner.com\/hu_hu\/wp-json\/wp\/v2\/types\/page"}],"author":[{"embeddable":true,"href":"https:\/\/silver-runner.com\/hu_hu\/wp-json\/wp\/v2\/users\/2"}],"replies":[{"embeddable":true,"href":"https:\/\/silver-runner.com\/hu_hu\/wp-json\/wp\/v2\/comments?post=1631"}],"version-history":[{"count":5,"href":"https:\/\/silver-runner.com\/hu_hu\/wp-json\/wp\/v2\/pages\/1631\/revisions"}],"predecessor-version":[{"id":2611,"href":"https:\/\/silver-runner.com\/hu_hu\/wp-json\/wp\/v2\/pages\/1631\/revisions\/2611"}],"wp:attachment":[{"href":"https:\/\/silver-runner.com\/hu_hu\/wp-json\/wp\/v2\/media?parent=1631"}],"curies":[{"name":"wp","href":"https:\/\/api.w.org\/{rel}","templated":true}]}}